{"id":39,"date":"2021-09-09T22:32:28","date_gmt":"2021-09-10T01:32:28","guid":{"rendered":"https:\/\/classic.jonathanluz.com.br\/wordpress\/?page_id=39"},"modified":"2026-02-27T16:49:12","modified_gmt":"2026-02-27T19:49:12","slug":"acerca","status":"publish","type":"page","link":"https:\/\/realclassichotel.com.br\/index.php\/acerca\/","title":{"rendered":"Nosso hotel"},"content":{"rendered":"\n<p>O Real Classic Hotel \u00e9 um hotel de categoria superior, ideal para viagens de neg\u00f3cios ou lazer a Aracaju.\u00a0Est\u00e1 localizado a 10 minutos do centro da cidade e a 05 minutos do aeroporto internacional, em uma orla tranquila e pr\u00f3xima das principais atra\u00e7\u00f5es tur\u00edsticas da cidade.\u00a0<\/p>\n\n\n\n<p>Oferece 136 apartamentos com varanda, sendo 8 su\u00edtes (master e executiva), cofre digital, esta\u00e7\u00e3o de trabalho com cadeira ergon\u00f4mica, Tv LCD 32\u201d, cama especial com 04 travesseiros, poltrona relax, secador de cabelos, moderno sistema de refrigera\u00e7\u00e3o e travesseiros especiais, al\u00e9m de 06 salas de eventos, para confer\u00eancias e semin\u00e1rios, estacionamento (mediante disponibilidade), fitness, piscina com raia semi ol\u00edmpica, restaurante tem\u00e1tico, American Bar e Deck Bar com terra\u00e7o avan\u00e7ado.<\/p>\n","protected":false},"excerpt":{"rendered":"<p>O Real Classic Hotel \u00e9 um hotel de categoria superior, ideal para viagens de neg\u00f3cios ou lazer a Aracaju.\u00a0Est\u00e1 localizado a 10 minutos do centro da cidade e a 05 minutos do aeroporto internacional, em uma orla tranquila e pr\u00f3xima das principais atra\u00e7\u00f5es tur\u00edsticas da cidade.\u00a0 Oferece 136 apartamentos com varanda, sendo 8 su\u00edtes (master [&hellip;]<\/p>\n","protected":false},"author":1,"featured_media":0,"parent":0,"menu_order":0,"comment_status":"closed","ping_status":"closed","template":"","meta":{"ngg_post_thumbnail":0,"footnotes":""},"class_list":["post-39","page","type-page","status-publish","hentry"],"_links":{"self":[{"href":"https:\/\/realclassichotel.com.br\/index.php\/wp-json\/wp\/v2\/pages\/39","targetHints":{"allow":["GET"]}}],"collection":[{"href":"https:\/\/realclassichotel.com.br\/index.php\/wp-json\/wp\/v2\/pages"}],"about":[{"href":"https:\/\/realclassichotel.com.br\/index.php\/wp-json\/wp\/v2\/types\/page"}],"author":[{"embeddable":true,"href":"https:\/\/realclassichotel.com.br\/index.php\/wp-json\/wp\/v2\/users\/1"}],"replies":[{"embeddable":true,"href":"https:\/\/realclassichotel.com.br\/index.php\/wp-json\/wp\/v2\/comments?post=39"}],"version-history":[{"count":21,"href":"https:\/\/realclassichotel.com.br\/index.php\/wp-json\/wp\/v2\/pages\/39\/revisions"}],"predecessor-version":[{"id":593,"href":"https:\/\/realclassichotel.com.br\/index.php\/wp-json\/wp\/v2\/pages\/39\/revisions\/593"}],"wp:attachment":[{"href":"https:\/\/realclassichotel.com.br\/index.php\/wp-json\/wp\/v2\/media?parent=39"}],"curies":[{"name":"wp","href":"https:\/\/api.w.org\/{rel}","templated":true}]}}